{"id":52,"date":"2015-02-10T13:47:58","date_gmt":"2015-02-10T13:47:58","guid":{"rendered":"http:\/\/topeni.allcomp.cz\/wp\/?page_id=52"},"modified":"2016-10-06T12:05:07","modified_gmt":"2016-10-06T12:05:07","slug":"allkontrol-7020","status":"publish","type":"page","link":"http:\/\/topeni.allcomp.cz\/?page_id=52","title":{"rendered":"Allkontrol &#8211; 7020"},"content":{"rendered":"<p><iframe loading=\"lazy\" src=\"http:\/\/topeni.allcomp.cz\/rpi_aktualni_teploty.php?domecek=7020\" width=\"679\" height=\"308\" frameborder=\"0\" scrolling=\"NO\" align=\"middle\"><\/iframe><\/p>\n<h3>Statistick\u00e9 \u00fadaje posledn\u00ed topn\u00e9 sez\u00f3ny<\/h3>\n<p><iframe loading=\"lazy\" src=\"http:\/\/topeni.allcomp.cz\/rpi_prumer.php?domecek=7020\" width=\"679\" height=\"438\" frameborder=\"0\" scrolling=\"NO\" align=\"middle\"><\/iframe><\/p>\n<h3>Grafy p\u0159\u00edstupn\u00e9 od 18. 12. 2014<\/h3>\n<p><iframe loading=\"lazy\" src=\"http:\/\/topeni.allcomp.cz\/rpi_graf.php?domecek=7020\" width=\"679\" height=\"1200\" frameborder=\"0\" scrolling=\"NO\" align=\"left\"><\/iframe><\/p>\n","protected":false},"excerpt":{"rendered":"<p>Statistick\u00e9 \u00fadaje posledn\u00ed topn\u00e9 sez\u00f3ny Grafy p\u0159\u00edstupn\u00e9 od 18. 12. 2014<\/p>\n","protected":false},"author":1,"featured_media":0,"parent":0,"menu_order":0,"comment_status":"closed","ping_status":"closed","template":"","meta":[],"_links":{"self":[{"href":"http:\/\/topeni.allcomp.cz\/index.php?rest_route=\/wp\/v2\/pages\/52"}],"collection":[{"href":"http:\/\/topeni.allcomp.cz\/index.php?rest_route=\/wp\/v2\/pages"}],"about":[{"href":"http:\/\/topeni.allcomp.cz\/index.php?rest_route=\/wp\/v2\/types\/page"}],"author":[{"embeddable":true,"href":"http:\/\/topeni.allcomp.cz\/index.php?rest_route=\/wp\/v2\/users\/1"}],"replies":[{"embeddable":true,"href":"http:\/\/topeni.allcomp.cz\/index.php?rest_route=%2Fwp%2Fv2%2Fcomments&post=52"}],"version-history":[{"count":9,"href":"http:\/\/topeni.allcomp.cz\/index.php?rest_route=\/wp\/v2\/pages\/52\/revisions"}],"predecessor-version":[{"id":370,"href":"http:\/\/topeni.allcomp.cz\/index.php?rest_route=\/wp\/v2\/pages\/52\/revisions\/370"}],"wp:attachment":[{"href":"http:\/\/topeni.allcomp.cz\/index.php?rest_route=%2Fwp%2Fv2%2Fmedia&parent=52"}],"curies":[{"name":"wp","href":"https:\/\/api.w.org\/{rel}","templated":true}]}}