{"id":2,"date":"2015-02-10T08:39:25","date_gmt":"2015-02-10T08:39:25","guid":{"rendered":"http:\/\/topeni.allcomp.cz\/wp\/?page_id=2"},"modified":"2019-11-04T07:10:30","modified_gmt":"2019-11-04T07:10:30","slug":"zkusebni-stranka","status":"publish","type":"page","link":"https:\/\/topeni.allcomp.cz\/","title":{"rendered":"Tepeln\u00e1 \u010derpadla"},"content":{"rendered":"<p>Projekt ON-LINE Tepeln\u00e9 \u010derpadlo vznikl na z\u00e1klad\u011b podn\u011btu ve\u0159ejnosti, je\u017e cht\u011bli dle skute\u010dn\u011b nam\u011b\u0159en\u00fdch hodnot porovnat provozn\u00ed n\u00e1klady na vyt\u00e1p\u011bn\u00ed tepeln\u00fdm \u010derpadlem PANASONIC vzduch \/ voda, oproti vyt\u00e1p\u011bn\u00ed p\u0159\u00edmotopem, plynem \u010di kotlem na tuh\u00e1 paliva. V\u00fd\u0161e v sekci ON-LINE TEPELN\u00c1 \u010cERPADLA m\u016f\u017eete <strong>sledovat vnit\u0159n\u00ed a venkovn\u00ed teplotu<\/strong> ve stupn\u00edch celsia a v\u00fdstupy tepeln\u00e9ho \u010derpadla. N\u00ed\u017ee v tabulk\u00e1ch jsou uvedeny technick\u00e9 parametry \u010derpadla a <strong>provozn\u00ed n\u00e1klady<\/strong>. D\u00e1le statistick\u00e9 \u00fadaje o topn\u00e9 sez\u00f3n\u011b. Nejn\u00ed\u017ee jsou aktu\u00e1ln\u00ed grafy, kde m\u016f\u017eete sledovat teplotu a spot\u0159ebu, kter\u00e9hokoliv dne, kter\u00fd si sami v kalend\u00e1\u0159i vyberete a zobraz\u00edte.<\/p>\n<p>V sou\u010dasn\u00e9 dob\u011b jsou tepeln\u00e1 \u010derpadla modern\u00edm trendem. P\u0159edstavuj\u00ed se sv\u00fdmi <strong>ni\u017e\u0161\u00edmi provozn\u00edmi n\u00e1klady<\/strong>, jednoduchost\u00ed ovl\u00e1d\u00e1n\u00ed a bezpe\u010dnost\u00ed. Jejich \u00fa\u010delem je zajistit dosta\u010duj\u00edc\u00ed teplotu objektu p\u0159i jak\u00e9mkoliv ro\u010dn\u00edm obdob\u00ed.Tepeln\u00e1 \u010derpadla umo\u017e\u0148uj\u00ed odn\u00edmat teplo z okoln\u00edho prost\u0159ed\u00ed, p\u0159ev\u00e1d\u011bt na vy\u0161\u0161\u00ed teplotn\u00ed hladinu a p\u0159ed\u00e1vat pro pot\u0159eby vyt\u00e1p\u011bn\u00ed obejktu nebo oh\u0159ev u\u017eitkov\u00e9 vody. \u010cerpadla jsou v\u00e1zana na okol\u00ed m\u00edsta, kde jej chceme vyu\u017e\u00edvat a proto mus\u00edme zvolit spr\u00e1vn\u00fd typ (vzduch\/voda, vzduch\/vzduch, zem\u011b\/voda, voda\/voda).<\/p>\n<h2>Panasonic Aquarea<\/h2>\n<p>Tyto \u010derpadla jsou d\u011blena na rozd\u011blen\u00fd a ned\u011blen\u00fd syst\u00e9m. Rozd\u011blen\u00fd syst\u00e9m se sklad\u00e1 z venkovn\u00ed a vnit\u0159n\u00ed jednotky. Ned\u011blen\u00fd syst\u00e9m vyu\u017e\u00edv\u00e1 pouze venkovn\u00ed jednotku.<\/p>\n<h3>I. syst\u00e9m<\/h3>\n<p>Venkovn\u00ed jednotka p\u0159ijm\u00e1 energii z okoln\u00edho vzduchu a p\u0159ev\u00e1di ji prost\u0159ednictv\u00edm vnit\u0159n\u00ed jednotky do domu. Teplotu v dom\u011b lze regulovat ovl\u00e1dac\u00edm panelem na jednotce. Ta obsahuje tepeln\u00fd v\u00fdm\u011bn\u00edk, kter\u00fd odeb\u00edr\u00e1 vzduch p\u0159ich\u00e1zej\u00edc\u00ed z venku a p\u0159ed\u00e1v\u00e1 jej vod\u011b p\u0159ipraven\u00e9 k vyt\u00e1p\u011bn\u00ed domu a oh\u0159\u00e1t\u00ed u\u017eitkov\u00e9 vody. Jednotka je um\u00edst\u011bna v dom\u011b (nej\u010dast\u011bji v koteln\u011b).<\/p>\n<h3>II. syst\u00e9m<\/h3>\n<p>Venkovn\u00ed jednotka je p\u0159ipojena k syst\u00e9mu vyt\u00e1p\u011bn\u00ed. Tento syst\u00e9m je jednodu\u0161\u00ed na instalaci ale vy\u017eaduje v\u011bt\u0161\u00ed venkovn\u00ed prostor.<\/p>\n<h2>Pro\u010d si po\u0159\u00eddit tepeln\u00e9 \u010derpadlo?<\/h2>\n<ul>\n<li>ni\u017e\u0161\u00ed provozn\u00ed n\u00e1klady (\u00fasporn\u00e9 vyt\u00e1p\u011bn\u00ed)<\/li>\n<li>jednoduch\u00e1 obsluha (ovl\u00e1d\u00e1n\u00ed)<\/li>\n<li>snadn\u00e1 instalace za p\u0159edchoz\u00ed typ vyt\u00e1p\u011bn\u00ed<\/li>\n<li>n\u00e1vratnost investic<\/li>\n<li>komfortn\u00ed provoz<\/li>\n<li>klimatizov\u00e1n\u00ed<\/li>\n<li>tichost<\/li>\n<\/ul>\n<p>Tepeln\u00e1 \u010derpadla Aquarea byla speci\u00e1ln\u011b navr\u017eena pro zaji\u0161t\u011bn\u00ed \u00fa\u010dinnosti p\u0159i extr\u00e9mn\u00edch teplot\u00e1ch.<\/p>\n<p>Obsluha m\u016f\u017ee b\u00fdt je\u0161t\u011b jednodu\u0161\u0161\u00ed d\u00edky <strong>ovl\u00e1d\u00e1n\u00ed p\u0159es internet<\/strong> pomoc\u00ed webu nebo mobiln\u00edm za\u0159\u00edzen\u00edm. D\u00edky aktivaci t\u00e9to funkce, m\u016f\u017eete \u010derpadlo ovl\u00e1dat z ka\u017ed\u00e9ho koutu sv\u011bta a budete m\u00edt jej st\u00e1le pod kontrolou. (tato funkce zvy\u0161uje po\u0159izovac\u00ed n\u00e1klady)<\/p>\n<p>Pro zv\u00fd\u0161en\u00ed \u00fa\u010dinosti lze po\u0159\u00eddit sol\u00e1rn\u00ed soupravu pro p\u0159ipojen\u00ed sol\u00e1rn\u00edch kolektor\u016f.<\/p>\n<h2>Funk\u010dnost tepeln\u00e9ho \u010derpadla Aquarea<\/h2>\n<p>Venkovn\u00ed jednotka odeb\u00edr\u00e1 teplo z venkovn\u00edho vzduchu i kdy\u017e teplota klesne nap\u0159. pod -15 \u00b0C. Energii p\u0159evede do vnit\u0159n\u00ed jednotky, kde se teplota p\u0159e\u010derp\u00e1 na vy\u0161\u0161\u00ed a n\u00e1sledn\u011b vyt\u00e1p\u00ed objekt a oh\u0159\u00edv\u00e1 u\u017eitkovou vodu.<\/p>\n<p style=\"text-align: left;\">\n<p style=\"text-align: center;\">\n","protected":false},"excerpt":{"rendered":"<p>Projekt ON-LINE Tepeln\u00e9 \u010derpadlo vznikl na z\u00e1klad\u011b podn\u011btu ve\u0159ejnosti, je\u017e cht\u011bli dle skute\u010dn\u011b nam\u011b\u0159en\u00fdch hodnot porovnat provozn\u00ed n\u00e1klady na vyt\u00e1p\u011bn\u00ed tepeln\u00fdm \u010derpadlem PANASONIC vzduch \/ voda, oproti vyt\u00e1p\u011bn\u00ed p\u0159\u00edmotopem, plynem \u010di kotlem na tuh\u00e1 paliva. V\u00fd\u0161e v sekci ON-LINE TEPELN\u00c1 \u010cERPADLA m\u016f\u017eete sledovat vnit\u0159n\u00ed a venkovn\u00ed teplotu ve stupn\u00edch celsia a v\u00fdstupy tepeln\u00e9ho \u010derpadla. N\u00ed\u017ee [&hellip;]<\/p>\n","protected":false},"author":1,"featured_media":0,"parent":0,"menu_order":0,"comment_status":"closed","ping_status":"closed","template":"","meta":[],"_links":{"self":[{"href":"https:\/\/topeni.allcomp.cz\/index.php?rest_route=\/wp\/v2\/pages\/2"}],"collection":[{"href":"https:\/\/topeni.allcomp.cz\/index.php?rest_route=\/wp\/v2\/pages"}],"about":[{"href":"https:\/\/topeni.allcomp.cz\/index.php?rest_route=\/wp\/v2\/types\/page"}],"author":[{"embeddable":true,"href":"https:\/\/topeni.allcomp.cz\/index.php?rest_route=\/wp\/v2\/users\/1"}],"replies":[{"embeddable":true,"href":"https:\/\/topeni.allcomp.cz\/index.php?rest_route=%2Fwp%2Fv2%2Fcomments&post=2"}],"version-history":[{"count":23,"href":"https:\/\/topeni.allcomp.cz\/index.php?rest_route=\/wp\/v2\/pages\/2\/revisions"}],"predecessor-version":[{"id":408,"href":"https:\/\/topeni.allcomp.cz\/index.php?rest_route=\/wp\/v2\/pages\/2\/revisions\/408"}],"wp:attachment":[{"href":"https:\/\/topeni.allcomp.cz\/index.php?rest_route=%2Fwp%2Fv2%2Fmedia&parent=2"}],"curies":[{"name":"wp","href":"https:\/\/api.w.org\/{rel}","templated":true}]}}