{"id":24,"date":"2015-02-10T13:43:33","date_gmt":"2015-02-10T13:43:33","guid":{"rendered":"http:\/\/topeni.allcomp.cz\/wp\/?page_id=24"},"modified":"2021-08-17T08:08:08","modified_gmt":"2021-08-17T08:08:08","slug":"kontakt","status":"publish","type":"page","link":"https:\/\/topeni.allcomp.cz\/?page_id=24","title":{"rendered":"Kontakt"},"content":{"rendered":"<p><iframe loading=\"lazy\" style=\"border: 0;\" src=\"https:\/\/www.google.com\/maps\/embed?pb=!1m14!1m8!1m3!1d1287.1939963752711!2d14.521466271159666!3d49.81637251239055!3m2!1i1024!2i768!4f13.1!3m3!1m2!1s0x470b83b7f08372e3%3A0xe6dc0c685a92682d!2sAllcomp+S.r.o.!5e0!3m2!1scs!2scz!4v1421926794628\" width=\"678\" height=\"515\" frameborder=\"0\" align=\"right\"><\/iframe><\/p>\n<p style=\"text-align: left;\">ALLCOMP a.s.<br \/>\nZelen\u00e1 65<br \/>\n257 44 Netvo\u0159ice<br \/>\n\u010cesk\u00e1 republika<\/p>\n<p style=\"text-align: left;\"><strong><a href=\"http:\/\/www.allcomp.cz\" target=\"_blank\" rel=\"noopener\">www.allcomp.cz<\/a><br \/>\n<\/strong><br \/>\nTelefon: <strong>+420 775 282 414<\/strong><br \/>\nE-mail: <strong>info@allcomp.cz<\/strong><\/p>\n<p style=\"text-align: left;\">GPS: 49st 48min 59 vte\u0159in N 14st 31min 19 vte\u0159in E<\/p>\n","protected":false},"excerpt":{"rendered":"<p>ALLCOMP a.s. Zelen\u00e1 65 257 44 Netvo\u0159ice \u010cesk\u00e1 republika www.allcomp.cz Telefon: +420 775 282 414 E-mail: info@allcomp.cz GPS: 49st 48min 59 vte\u0159in N 14st 31min 19 vte\u0159in E<\/p>\n","protected":false},"author":1,"featured_media":0,"parent":0,"menu_order":0,"comment_status":"closed","ping_status":"closed","template":"","meta":[],"_links":{"self":[{"href":"https:\/\/topeni.allcomp.cz\/index.php?rest_route=\/wp\/v2\/pages\/24"}],"collection":[{"href":"https:\/\/topeni.allcomp.cz\/index.php?rest_route=\/wp\/v2\/pages"}],"about":[{"href":"https:\/\/topeni.allcomp.cz\/index.php?rest_route=\/wp\/v2\/types\/page"}],"author":[{"embeddable":true,"href":"https:\/\/topeni.allcomp.cz\/index.php?rest_route=\/wp\/v2\/users\/1"}],"replies":[{"embeddable":true,"href":"https:\/\/topeni.allcomp.cz\/index.php?rest_route=%2Fwp%2Fv2%2Fcomments&post=24"}],"version-history":[{"count":9,"href":"https:\/\/topeni.allcomp.cz\/index.php?rest_route=\/wp\/v2\/pages\/24\/revisions"}],"predecessor-version":[{"id":444,"href":"https:\/\/topeni.allcomp.cz\/index.php?rest_route=\/wp\/v2\/pages\/24\/revisions\/444"}],"wp:attachment":[{"href":"https:\/\/topeni.allcomp.cz\/index.php?rest_route=%2Fwp%2Fv2%2Fmedia&parent=24"}],"curies":[{"name":"wp","href":"https:\/\/api.w.org\/{rel}","templated":true}]}}