{"id":29,"date":"2015-02-10T13:45:49","date_gmt":"2015-02-10T13:45:49","guid":{"rendered":"http:\/\/topeni.allcomp.cz\/wp\/?page_id=29"},"modified":"2019-11-04T07:08:42","modified_gmt":"2019-11-04T07:08:42","slug":"rd-3-netvorice","status":"publish","type":"page","link":"https:\/\/topeni.allcomp.cz\/?page_id=29","title":{"rendered":"Netvo\u0159ice 2 &#8211; 12 kW \/ 3-F"},"content":{"rendered":"<h2>Rodinn\u00fd d\u016fm 2 &#8211; rekonstrukce 2009, Netvo\u0159ice<\/h2>\n<p><img loading=\"lazy\" src=\"http:\/\/topeni.allcomp.cz\/obr\/rd2\/domecek.jpg\" alt=\"\" width=\"490\" height=\"331\" \/><\/p>\n<h3>Vyt\u00e1p\u011bn\u00ed objektu<\/h3>\n<p>Vyt\u00e1p\u011bn\u00ed domu je pln\u011b pokryto teplovodn\u00edm syst\u00e9mem s tepeln\u00fdm \u010derpadlem o v\u00fdkonu 12kW \/ 3 f\u00e1zov\u00fd.<\/p>\n<p>Tepeln\u00e9 \u010derpadlo <strong>PANASONIC AQUAREA<\/strong> 12kW<\/p>\n<p>Cel\u00fd objekt je \u0159e\u0161en teplovodn\u00edm vyt\u00e1p\u011bn\u00edm s radi\u00e1tory.<\/p>\n<p>Objekt je zateplen 5cm polystyr\u00e9nem, okna plastov\u00e1, dvojsklo.<\/p>\n<h3>Technick\u00e9 parametry<\/h3>\n<p>Objekt je podsklepen\u00fd, s dv\u011bmi podla\u017e\u00edmi, o celkov\u00e9 zastav\u011bn\u00e9 plo\u0161e 120,0 m<sup>2<\/sup> a vyt\u00e1p\u011bn\u00e9 plo\u0161e 200,0 m<sup>2<\/sup>. Tepeln\u00e9 ztr\u00e1ty byly spo\u010d\u00edt\u00e1ny na cca 17,4 kW.<\/p>\n<table style=\"width: 600px; font-size: 0.7em;\" border=\"1\" align=\"center\">\n<tbody>\n<tr>\n<td align=\"left\"><strong>Zastav\u011bn\u00e1 plocha<\/strong><\/td>\n<td align=\"left\">120,0 m<sup>2<\/sup><\/td>\n<\/tr>\n<tr>\n<td align=\"left\"><strong>Vyt\u00e1p\u011bn\u00e1 plocha<\/strong><\/td>\n<td align=\"left\">200,0 m<sup>2<\/sup><\/td>\n<\/tr>\n<tr>\n<td align=\"left\"><strong>Vyt\u00e1p\u011bn\u00fd objem<br \/>\n<\/strong><\/td>\n<td align=\"left\">500,0 m<sup>3<\/sup><\/td>\n<\/tr>\n<tr>\n<td align=\"left\"><strong>Vypo\u010d\u00edtan\u00e1 tepeln\u00e1 ztr\u00e1ta<\/strong><\/td>\n<td align=\"left\">17,4 kW<\/td>\n<\/tr>\n<tr>\n<td align=\"left\"><strong>V\u00fdkon instalovan\u00e9ho vyt\u00e1p\u011bn\u00ed<\/strong><\/td>\n<td align=\"left\"><strong>12,0 kW<\/strong><\/td>\n<\/tr>\n<tr>\n<td align=\"left\"><strong>P\u0159\u00edkon instalovan\u00e9ho vyt\u00e1p\u011bn\u00ed<\/strong><\/td>\n<td align=\"left\"><strong>2,57 kW<\/strong> \/ 3 f\u00e1zov\u00fd<\/td>\n<\/tr>\n<tr>\n<td align=\"left\"><strong>Hlavn\u00ed domovn\u00ed jisti\u010d<\/strong><\/td>\n<td align=\"left\">3x 25 A<\/td>\n<\/tr>\n<tr>\n<td align=\"left\"><strong>Domovn\u00ed sazba<\/strong><\/td>\n<td align=\"left\">D56d (Tepeln\u00e9 \u010derpadlo, 22 hodin NT)<\/td>\n<\/tr>\n<tr>\n<td align=\"left\"><strong>Nadmo\u0159sk\u00e1 v\u00fd\u0161ka objektu<br \/>\n<\/strong><\/td>\n<td align=\"left\">350 m.n.m.<\/td>\n<\/tr>\n<\/tbody>\n<\/table>\n<h3>Provozn\u00ed n\u00e1klady<\/h3>\n<p>Objekt je vybaven tepeln\u00fdm \u010derpadlem od z\u00e1\u0159\u00ed 2012. K dispozici jsou \u00fadaje o n\u00e1kladech na vyt\u00e1p\u011bn\u00ed v topn\u00e9 sez\u00f3n\u011b 2011-2012 pomoc\u00ed kotle na tuh\u00e1 paliva 24kW.<\/p>\n<table style=\"width: 600px; font-size: 0.7em;\" border=\"1\" align=\"center\">\n<thead>\n<tr>\n<td style=\"text-align: center;\" rowspan=\"2\" align=\"center\">Typ vyt\u00e1p\u011bn\u00ed \/ topn\u00e1 sez\u00f3na<\/td>\n<td style=\"text-align: center;\" colspan=\"2\" align=\"center\">Spot\u0159eba v kWh<\/td>\n<td style=\"text-align: center;\" rowspan=\"2\">CZK v\u010detn\u011b DPH<\/td>\n<\/tr>\n<tr>\n<td style=\"text-align: center;\" align=\"center\">NT<\/td>\n<td style=\"text-align: center;\" align=\"center\">VT<\/td>\n<\/tr>\n<\/thead>\n<tbody>\n<tr>\n<td style=\"text-align: center;\">Kotel na tuh\u00e1 paliva 24kW \/ 2011 &#8211; 12<\/td>\n<td style=\"text-align: center;\">0<strong><br \/>\n<\/strong><\/td>\n<td style=\"text-align: center;\">0<\/td>\n<td style=\"text-align: center;\"><strong>20 000,-<\/strong><\/td>\n<\/tr>\n<tr>\n<td>\n<p style=\"text-align: center;\">Tepeln\u00e9 \u010derpadlo 12kW\u00a0 \/\u00a0 2012 &#8211; 13<\/p>\n<p style=\"text-align: center;\">Ob\u010dasn\u011b vyu\u017eit kotel na TP<\/p>\n<\/td>\n<td>\n<p style=\"text-align: center;\">\u00a04 477<\/p>\n<p style=\"text-align: center;\">10q<\/p>\n<\/td>\n<td><\/td>\n<td>\n<p style=\"text-align: center;\">12 550,-<\/p>\n<p style=\"text-align: center;\">3 000,-<\/p>\n<\/td>\n<\/tr>\n<\/tbody>\n<\/table>\n","protected":false},"excerpt":{"rendered":"<p>Rodinn\u00fd d\u016fm 2 &#8211; rekonstrukce 2009, Netvo\u0159ice Vyt\u00e1p\u011bn\u00ed objektu Vyt\u00e1p\u011bn\u00ed domu je pln\u011b pokryto teplovodn\u00edm syst\u00e9mem s tepeln\u00fdm \u010derpadlem o v\u00fdkonu 12kW \/ 3 f\u00e1zov\u00fd. Tepeln\u00e9 \u010derpadlo PANASONIC AQUAREA 12kW Cel\u00fd objekt je \u0159e\u0161en teplovodn\u00edm vyt\u00e1p\u011bn\u00edm s radi\u00e1tory. Objekt je zateplen 5cm polystyr\u00e9nem, okna plastov\u00e1, dvojsklo. Technick\u00e9 parametry Objekt je podsklepen\u00fd, s dv\u011bmi podla\u017e\u00edmi, o [&hellip;]<\/p>\n","protected":false},"author":1,"featured_media":0,"parent":0,"menu_order":0,"comment_status":"closed","ping_status":"closed","template":"","meta":[],"_links":{"self":[{"href":"https:\/\/topeni.allcomp.cz\/index.php?rest_route=\/wp\/v2\/pages\/29"}],"collection":[{"href":"https:\/\/topeni.allcomp.cz\/index.php?rest_route=\/wp\/v2\/pages"}],"about":[{"href":"https:\/\/topeni.allcomp.cz\/index.php?rest_route=\/wp\/v2\/types\/page"}],"author":[{"embeddable":true,"href":"https:\/\/topeni.allcomp.cz\/index.php?rest_route=\/wp\/v2\/users\/1"}],"replies":[{"embeddable":true,"href":"https:\/\/topeni.allcomp.cz\/index.php?rest_route=%2Fwp%2Fv2%2Fcomments&post=29"}],"version-history":[{"count":8,"href":"https:\/\/topeni.allcomp.cz\/index.php?rest_route=\/wp\/v2\/pages\/29\/revisions"}],"predecessor-version":[{"id":401,"href":"https:\/\/topeni.allcomp.cz\/index.php?rest_route=\/wp\/v2\/pages\/29\/revisions\/401"}],"wp:attachment":[{"href":"https:\/\/topeni.allcomp.cz\/index.php?rest_route=%2Fwp%2Fv2%2Fmedia&parent=29"}],"curies":[{"name":"wp","href":"https:\/\/api.w.org\/{rel}","templated":true}]}}