{"id":349,"date":"2015-12-04T19:30:09","date_gmt":"2015-12-04T19:30:09","guid":{"rendered":"http:\/\/topeni.allcomp.cz\/?page_id=349"},"modified":"2016-10-06T12:04:07","modified_gmt":"2016-10-06T12:04:07","slug":"allcontrol-7025","status":"publish","type":"page","link":"https:\/\/topeni.allcomp.cz\/?page_id=349","title":{"rendered":"Allcontrol &#8211; 7025"},"content":{"rendered":"<p><iframe loading=\"lazy\" src=\"http:\/\/topeni.allcomp.cz\/rpi_aktualni_teploty.php?domecek=7025\" width=\"679\" height=\"430\" frameborder=\"0\" scrolling=\"NO\" align=\"middle\"><\/iframe><\/p>\n<h3>Statistick\u00e9 \u00fadaje posledn\u00ed topn\u00e9 sez\u00f3ny<\/h3>\n<p><iframe loading=\"lazy\" src=\"http:\/\/topeni.allcomp.cz\/rpi_prumer.php?domecek=7025\" width=\"679\" height=\"400\" frameborder=\"0\" scrolling=\"NO\" align=\"middle\"><\/iframe><\/p>\n<h3>Grafy p\u0159\u00edstupn\u00e9 od 3. 12. 2015<\/h3>\n<p><iframe loading=\"lazy\" src=\"http:\/\/topeni.allcomp.cz\/rpi_graf.php?domecek=7025\" width=\"679\" height=\"1200\" frameborder=\"0\" scrolling=\"NO\" align=\"left\"><\/iframe><\/p>\n","protected":false},"excerpt":{"rendered":"<p>Statistick\u00e9 \u00fadaje posledn\u00ed topn\u00e9 sez\u00f3ny Grafy p\u0159\u00edstupn\u00e9 od 3. 12. 2015<\/p>\n","protected":false},"author":1,"featured_media":0,"parent":0,"menu_order":0,"comment_status":"closed","ping_status":"closed","template":"","meta":[],"_links":{"self":[{"href":"https:\/\/topeni.allcomp.cz\/index.php?rest_route=\/wp\/v2\/pages\/349"}],"collection":[{"href":"https:\/\/topeni.allcomp.cz\/index.php?rest_route=\/wp\/v2\/pages"}],"about":[{"href":"https:\/\/topeni.allcomp.cz\/index.php?rest_route=\/wp\/v2\/types\/page"}],"author":[{"embeddable":true,"href":"https:\/\/topeni.allcomp.cz\/index.php?rest_route=\/wp\/v2\/users\/1"}],"replies":[{"embeddable":true,"href":"https:\/\/topeni.allcomp.cz\/index.php?rest_route=%2Fwp%2Fv2%2Fcomments&post=349"}],"version-history":[{"count":2,"href":"https:\/\/topeni.allcomp.cz\/index.php?rest_route=\/wp\/v2\/pages\/349\/revisions"}],"predecessor-version":[{"id":368,"href":"https:\/\/topeni.allcomp.cz\/index.php?rest_route=\/wp\/v2\/pages\/349\/revisions\/368"}],"wp:attachment":[{"href":"https:\/\/topeni.allcomp.cz\/index.php?rest_route=%2Fwp%2Fv2%2Fmedia&parent=349"}],"curies":[{"name":"wp","href":"https:\/\/api.w.org\/{rel}","templated":true}]}}