{"id":36,"date":"2015-02-10T13:46:27","date_gmt":"2015-02-10T13:46:27","guid":{"rendered":"http:\/\/topeni.allcomp.cz\/wp\/?page_id=36"},"modified":"2019-11-04T07:09:02","modified_gmt":"2019-11-04T07:09:02","slug":"rd-6-netvorice","status":"publish","type":"page","link":"https:\/\/topeni.allcomp.cz\/?page_id=36","title":{"rendered":"Netvo\u0159ice &#8211; 16 kW \/ 3-F"},"content":{"rendered":"<h2>Rodinn\u00fd d\u016fm &#8211; Netvo\u0159ice<\/h2>\n<p><iframe loading=\"lazy\" src=\"http:\/\/topeni.allcomp.cz\/rpi_aktualni_teploty.php?domecek=7015\" width=\"679\" height=\"330\" frameborder=\"0\" scrolling=\"NO\" align=\"middle\"><\/iframe><\/p>\n<h3><\/h3>\n<h3>Provozn\u00ed n\u00e1klady<\/h3>\n<p>Objekt je vybaven tepeln\u00fdm \u010derpadlem od ledna 2014. Tepeln\u00e9 \u010derpadlo je vyu\u017eito pro vyt\u00e1p\u011bn\u00ed objektu a pro oh\u0159ev tepl\u00e9 u\u017eitkov\u00e9 vody se z\u00e1sobn\u00edkem 200 litr\u016f.<br \/>\nElekt\u0159ina je odeb\u00edr\u00e1na od \u010cEZ s domovn\u00ed sazbou D45d a v roce 2011 za cenu 2.81,- K\u010d za kWh.<br \/>\nM\u016f\u017eete i vy pr\u016fb\u011b\u017en\u011b sledovat provoz tohoto \u010derpadla. Provozn\u00ed n\u00e1klady jsou v\u017edy objektivn\u00ed a\u017e na konci topn\u00e9 sez\u00f3ny.<\/p>\n<table style=\"width: 600px; font-size: 0.7em;\" border=\"1\" align=\"center\">\n<thead>\n<tr>\n<td style=\"text-align: center;\" rowspan=\"2\" align=\"center\">Typ vyt\u00e1p\u011bn\u00ed \/ topn\u00e1 sez\u00f3na<\/td>\n<td style=\"text-align: center;\" colspan=\"2\" align=\"center\">Spot\u0159eba v kWh<\/td>\n<td style=\"text-align: center;\" rowspan=\"2\">CZK<\/td>\n<\/tr>\n<tr>\n<td style=\"text-align: center;\" align=\"center\">UT<\/td>\n<td style=\"text-align: center;\" align=\"center\">TUV<\/td>\n<\/tr>\n<\/thead>\n<tbody>\n<tr>\n<td style=\"text-align: center;\">Tepeln\u00e9 \u010derpadlo 16kW\u00a0 \/\u00a0 2014<\/td>\n<td style=\"text-align: center;\"><strong>11 628,0<\/strong><\/td>\n<td style=\"text-align: center;\"><strong>1 572,0<\/strong><\/td>\n<td style=\"text-align: center;\"><strong>32 674,- + 4 417,-<br \/>\n<\/strong><\/td>\n<\/tr>\n<tr>\n<td style=\"text-align: center;\">Tepeln\u00e9 \u010derpadlo 16kW \/ 2014-15<\/td>\n<td style=\"text-align: center;\"><strong>15 575,1<\/strong><\/td>\n<td style=\"text-align: center;\"><strong>+<br \/>\n<\/strong><\/td>\n<td style=\"text-align: center;\"><strong>43 766,-<br \/>\n<\/strong><\/td>\n<\/tr>\n<\/tbody>\n<\/table>\n<h3><\/h3>\n<p>&nbsp;<\/p>\n<h3>Statistick\u00e9 \u00fadaje posledn\u00ed topn\u00e9 sez\u00f3ny<\/h3>\n<p><iframe loading=\"lazy\" src=\"http:\/\/topeni.allcomp.cz\/rpi_prumer.php?domecek=7015\" width=\"679\" height=\"430\" frameborder=\"0\" scrolling=\"NO\" align=\"middle\"><\/iframe><\/p>\n<h3>Grafy &#8211; p\u0159\u00edstupn\u00e9 od 22.1.2014<\/h3>\n<p><iframe loading=\"lazy\" src=\"http:\/\/topeni.allcomp.cz\/rpi_graf.php?domecek=7015\" width=\"679\" height=\"1200\" frameborder=\"0\" scrolling=\"NO\" align=\"middle\"><\/iframe><\/p>\n","protected":false},"excerpt":{"rendered":"<p>Rodinn\u00fd d\u016fm &#8211; Netvo\u0159ice Provozn\u00ed n\u00e1klady Objekt je vybaven tepeln\u00fdm \u010derpadlem od ledna 2014. Tepeln\u00e9 \u010derpadlo je vyu\u017eito pro vyt\u00e1p\u011bn\u00ed objektu a pro oh\u0159ev tepl\u00e9 u\u017eitkov\u00e9 vody se z\u00e1sobn\u00edkem 200 litr\u016f. Elekt\u0159ina je odeb\u00edr\u00e1na od \u010cEZ s domovn\u00ed sazbou D45d a v roce 2011 za cenu 2.81,- K\u010d za kWh. M\u016f\u017eete i vy pr\u016fb\u011b\u017en\u011b sledovat [&hellip;]<\/p>\n","protected":false},"author":1,"featured_media":0,"parent":0,"menu_order":0,"comment_status":"closed","ping_status":"closed","template":"","meta":[],"_links":{"self":[{"href":"https:\/\/topeni.allcomp.cz\/index.php?rest_route=\/wp\/v2\/pages\/36"}],"collection":[{"href":"https:\/\/topeni.allcomp.cz\/index.php?rest_route=\/wp\/v2\/pages"}],"about":[{"href":"https:\/\/topeni.allcomp.cz\/index.php?rest_route=\/wp\/v2\/types\/page"}],"author":[{"embeddable":true,"href":"https:\/\/topeni.allcomp.cz\/index.php?rest_route=\/wp\/v2\/users\/1"}],"replies":[{"embeddable":true,"href":"https:\/\/topeni.allcomp.cz\/index.php?rest_route=%2Fwp%2Fv2%2Fcomments&post=36"}],"version-history":[{"count":12,"href":"https:\/\/topeni.allcomp.cz\/index.php?rest_route=\/wp\/v2\/pages\/36\/revisions"}],"predecessor-version":[{"id":404,"href":"https:\/\/topeni.allcomp.cz\/index.php?rest_route=\/wp\/v2\/pages\/36\/revisions\/404"}],"wp:attachment":[{"href":"https:\/\/topeni.allcomp.cz\/index.php?rest_route=%2Fwp%2Fv2%2Fmedia&parent=36"}],"curies":[{"name":"wp","href":"https:\/\/api.w.org\/{rel}","templated":true}]}}