{"id":38,"date":"2015-02-10T13:46:37","date_gmt":"2015-02-10T13:46:37","guid":{"rendered":"http:\/\/topeni.allcomp.cz\/wp\/?page_id=38"},"modified":"2019-11-04T07:09:07","modified_gmt":"2019-11-04T07:09:07","slug":"rd7-chrudim","status":"publish","type":"page","link":"https:\/\/topeni.allcomp.cz\/?page_id=38","title":{"rendered":"Chrudim &#8211; 12 kW \/ 3-F"},"content":{"rendered":"<h2>Rodinn\u00fd d\u016fm &#8211; Chrudim<\/h2>\n<p><iframe loading=\"lazy\" src=\"http:\/\/topeni.allcomp.cz\/rpi_aktualni_teploty.php?domecek=7014\" width=\"679\" height=\"330\" frameborder=\"0\" scrolling=\"NO\" align=\"middle\"><\/iframe><\/p>\n<h3>Statistick\u00e9 \u00fadaje posledn\u00ed topn\u00e9 sez\u00f3ny<\/h3>\n<p><iframe loading=\"lazy\" src=\"http:\/\/topeni.allcomp.cz\/rpi_prumer.php?domecek=7014\" width=\"679\" height=\"430\" frameborder=\"0\" scrolling=\"NO\" align=\"middle\"><\/iframe><\/p>\n<h3>Grafy p\u0159\u00edstupn\u00e9 od 23. 10. 2014<\/h3>\n<p><iframe loading=\"lazy\" src=\"http:\/\/topeni.allcomp.cz\/rpi_graf.php?domecek=7014\" width=\"679\" height=\"990\" frameborder=\"0\" scrolling=\"NO\" align=\"left\"><\/iframe><\/p>\n","protected":false},"excerpt":{"rendered":"<p>Rodinn\u00fd d\u016fm &#8211; Chrudim Statistick\u00e9 \u00fadaje posledn\u00ed topn\u00e9 sez\u00f3ny Grafy p\u0159\u00edstupn\u00e9 od 23. 10. 2014<\/p>\n","protected":false},"author":1,"featured_media":0,"parent":0,"menu_order":0,"comment_status":"closed","ping_status":"closed","template":"","meta":[],"_links":{"self":[{"href":"https:\/\/topeni.allcomp.cz\/index.php?rest_route=\/wp\/v2\/pages\/38"}],"collection":[{"href":"https:\/\/topeni.allcomp.cz\/index.php?rest_route=\/wp\/v2\/pages"}],"about":[{"href":"https:\/\/topeni.allcomp.cz\/index.php?rest_route=\/wp\/v2\/types\/page"}],"author":[{"embeddable":true,"href":"https:\/\/topeni.allcomp.cz\/index.php?rest_route=\/wp\/v2\/users\/1"}],"replies":[{"embeddable":true,"href":"https:\/\/topeni.allcomp.cz\/index.php?rest_route=%2Fwp%2Fv2%2Fcomments&post=38"}],"version-history":[{"count":10,"href":"https:\/\/topeni.allcomp.cz\/index.php?rest_route=\/wp\/v2\/pages\/38\/revisions"}],"predecessor-version":[{"id":405,"href":"https:\/\/topeni.allcomp.cz\/index.php?rest_route=\/wp\/v2\/pages\/38\/revisions\/405"}],"wp:attachment":[{"href":"https:\/\/topeni.allcomp.cz\/index.php?rest_route=%2Fwp%2Fv2%2Fmedia&parent=38"}],"curies":[{"name":"wp","href":"https:\/\/api.w.org\/{rel}","templated":true}]}}