{"id":48,"date":"2015-02-10T13:47:37","date_gmt":"2015-02-10T13:47:37","guid":{"rendered":"http:\/\/topeni.allcomp.cz\/wp\/?page_id=48"},"modified":"2025-10-24T07:02:36","modified_gmt":"2025-10-24T07:02:36","slug":"allkontrol-7018","status":"publish","type":"page","link":"https:\/\/topeni.allcomp.cz\/?page_id=48","title":{"rendered":"Allkontrol &#8211; 7018"},"content":{"rendered":"<p><iframe loading=\"lazy\" src=\"https:\/\/topeni.allcomp.cz\/esp_aktualni_teploty.php?domecek=7022&amp;port=8210\" width=\"679\" height=\"308\" frameborder=\"0\" scrolling=\"NO\"><\/iframe><\/p>\n<h3>Statistick\u00e9 \u00fadaje posledn\u00ed topn\u00e9 sez\u00f3ny<\/h3>\n<p><iframe loading=\"lazy\" src=\"http:\/\/topeni.allcomp.cz\/rpi_prumer.php?domecek=7018\" width=\"679\" height=\"438\" frameborder=\"0\" scrolling=\"NO\"><\/iframe><\/p>\n<h3>Grafy p\u0159\u00edstupn\u00e9 od 5. 10. 2014<\/h3>\n<p><iframe loading=\"lazy\" src=\"http:\/\/topeni.allcomp.cz\/rpi_graf.php?domecek=7018\" width=\"679\" height=\"1200\" frameborder=\"0\" scrolling=\"NO\"><\/iframe><\/p>\n","protected":false},"excerpt":{"rendered":"<p>Statistick\u00e9 \u00fadaje posledn\u00ed topn\u00e9 sez\u00f3ny Grafy p\u0159\u00edstupn\u00e9 od 5. 10. 2014<\/p>\n","protected":false},"author":1,"featured_media":0,"parent":0,"menu_order":0,"comment_status":"closed","ping_status":"closed","template":"","meta":[],"_links":{"self":[{"href":"https:\/\/topeni.allcomp.cz\/index.php?rest_route=\/wp\/v2\/pages\/48"}],"collection":[{"href":"https:\/\/topeni.allcomp.cz\/index.php?rest_route=\/wp\/v2\/pages"}],"about":[{"href":"https:\/\/topeni.allcomp.cz\/index.php?rest_route=\/wp\/v2\/types\/page"}],"author":[{"embeddable":true,"href":"https:\/\/topeni.allcomp.cz\/index.php?rest_route=\/wp\/v2\/users\/1"}],"replies":[{"embeddable":true,"href":"https:\/\/topeni.allcomp.cz\/index.php?rest_route=%2Fwp%2Fv2%2Fcomments&post=48"}],"version-history":[{"count":54,"href":"https:\/\/topeni.allcomp.cz\/index.php?rest_route=\/wp\/v2\/pages\/48\/revisions"}],"predecessor-version":[{"id":556,"href":"https:\/\/topeni.allcomp.cz\/index.php?rest_route=\/wp\/v2\/pages\/48\/revisions\/556"}],"wp:attachment":[{"href":"https:\/\/topeni.allcomp.cz\/index.php?rest_route=%2Fwp%2Fv2%2Fmedia&parent=48"}],"curies":[{"name":"wp","href":"https:\/\/api.w.org\/{rel}","templated":true}]}}